{"id":377,"date":"2011-10-08T11:57:57","date_gmt":"2011-10-08T09:57:57","guid":{"rendered":"http:\/\/www.latebarter.no\/?page_id=377"},"modified":"2014-10-02T09:53:05","modified_gmt":"2014-10-02T07:53:05","slug":"kontakt-oss","status":"publish","type":"page","link":"https:\/\/www.latebarter.no\/?page_id=377","title":{"rendered":"Kontakt oss"},"content":{"rendered":"<p>Du kan n\u00e5 oss p\u00e5 epost. Vi svarer p\u00e5 interessante henvendelser.<br \/>\n&nbsp;<\/p>\n<p>latebarter @ tt05 dot no<\/p>\n<p>Hvis du representerer et firma som har lyst til \u00e5 selge oss artikler, anmoder vi deg om \u00e5 tr\u00f8kke tastaturet ditt opp der lyset ikke slipper til og gi faen i \u00e5 sende oss mail. Takk. <\/p>\n","protected":false},"excerpt":{"rendered":"<p>Du kan n\u00e5 oss p\u00e5 epost. Vi svarer p\u00e5 interessante henvendelser. &nbsp; latebarter @ tt05 dot no Hvis du representerer et firma som har lyst til \u00e5 selge oss artikler, anmoder vi deg om \u00e5 tr\u00f8kke tastaturet ditt opp der&hellip;<\/p>\n<p class=\"more-link-p\"><a class=\"more-link\" href=\"https:\/\/www.latebarter.no\/?page_id=377\">Read more &rarr;<\/a><\/p>\n","protected":false},"author":1,"featured_media":0,"parent":0,"menu_order":0,"comment_status":"closed","ping_status":"closed","template":"","meta":[],"_links":{"self":[{"href":"https:\/\/www.latebarter.no\/index.php?rest_route=\/wp\/v2\/pages\/377"}],"collection":[{"href":"https:\/\/www.latebarter.no\/index.php?rest_route=\/wp\/v2\/pages"}],"about":[{"href":"https:\/\/www.latebarter.no\/index.php?rest_route=\/wp\/v2\/types\/page"}],"author":[{"embeddable":true,"href":"https:\/\/www.latebarter.no\/index.php?rest_route=\/wp\/v2\/users\/1"}],"replies":[{"embeddable":true,"href":"https:\/\/www.latebarter.no\/index.php?rest_route=%2Fwp%2Fv2%2Fcomments&post=377"}],"version-history":[{"count":4,"href":"https:\/\/www.latebarter.no\/index.php?rest_route=\/wp\/v2\/pages\/377\/revisions"}],"predecessor-version":[{"id":1457,"href":"https:\/\/www.latebarter.no\/index.php?rest_route=\/wp\/v2\/pages\/377\/revisions\/1457"}],"wp:attachment":[{"href":"https:\/\/www.latebarter.no\/index.php?rest_route=%2Fwp%2Fv2%2Fmedia&parent=377"}],"curies":[{"name":"wp","href":"https:\/\/api.w.org\/{rel}","templated":true}]}}